{"id":2235,"date":"2015-02-05T18:24:20","date_gmt":"2015-02-05T17:24:20","guid":{"rendered":"http:\/\/www.enzocage.de\/?page_id=2235"},"modified":"2015-02-06T02:10:17","modified_gmt":"2015-02-06T01:10:17","slug":"projekte","status":"publish","type":"page","link":"https:\/\/www.enzocage.de\/","title":{"rendered":"top"},"content":{"rendered":"<div class=\"pt-cv-wrapper\"><div class=\"pt-cv-view pt-cv-grid pt-cv-colsys\" id=\"pt-cv-view-4f865828cb\"><div data-id=\"pt-cv-page-1\" class=\"pt-cv-page\" data-cvc=\"1\"><div class=\"col-md-12 col-sm-6 col-xs-12 pt-cv-content-item pt-cv-1-col\" ><div class='pt-cv-ifield'><a href=\"https:\/\/www.enzocage.de\/?p=2774\" class=\"_blank pt-cv-href-thumbnail pt-cv-thumb-default\" target=\"_blank\" ><img loading=\"lazy\" decoding=\"async\" width=\"2560\" height=\"1300\" src=\"https:\/\/www.enzocage.de\/wp-content\/uploads\/2025\/12\/12121-scaled.png\" class=\"pt-cv-thumbnail\" alt=\"\" srcset=\"https:\/\/www.enzocage.de\/wp-content\/uploads\/2025\/12\/12121-scaled.png 2560w, https:\/\/www.enzocage.de\/wp-content\/uploads\/2025\/12\/12121-300x152.png 300w, https:\/\/www.enzocage.de\/wp-content\/uploads\/2025\/12\/12121-2000x1015.png 2000w, https:\/\/www.enzocage.de\/wp-content\/uploads\/2025\/12\/12121-768x390.png 768w, https:\/\/www.enzocage.de\/wp-content\/uploads\/2025\/12\/12121-1536x780.png 1536w, https:\/\/www.enzocage.de\/wp-content\/uploads\/2025\/12\/12121-2048x1040.png 2048w\" sizes=\"auto, (max-width: 2560px) 100vw, 2560px\" \/><\/a>\n<h4 class=\"pt-cv-title\"><a href=\"https:\/\/www.enzocage.de\/?p=2774\" class=\"_blank\" target=\"_blank\" >Neue Webseite hier<\/a><\/h4>\n<div class=\"pt-cv-content\">enzocage.de wird nicht mehr gepflegt... Neue Webseite hier: www.felixschmidt.org ...<br \/><div class=\"pt-cv-rmwrap\"><a href=\"https:\/\/www.enzocage.de\/?p=2774\" class=\"_blank pt-cv-readmore btn btn-success\" target=\"_blank\">Weiterlesen \u2026<\/a><\/div><\/div><\/div><\/div>\n<div class=\"col-md-12 col-sm-6 col-xs-12 pt-cv-content-item pt-cv-1-col\" ><div class='pt-cv-ifield'><a href=\"https:\/\/www.enzocage.de\/?p=2582\" class=\"_blank pt-cv-href-thumbnail pt-cv-thumb-default\" target=\"_blank\" ><img loading=\"lazy\" decoding=\"async\" width=\"760\" height=\"428\" src=\"https:\/\/www.enzocage.de\/wp-content\/uploads\/2019\/02\/urban-com.jpg\" class=\"pt-cv-thumbnail\" alt=\"\" srcset=\"https:\/\/www.enzocage.de\/wp-content\/uploads\/2019\/02\/urban-com.jpg 760w, https:\/\/www.enzocage.de\/wp-content\/uploads\/2019\/02\/urban-com-300x169.jpg 300w\" sizes=\"auto, (max-width: 760px) 100vw, 760px\" \/><\/a>\n<h4 class=\"pt-cv-title\"><a href=\"https:\/\/www.enzocage.de\/?p=2582\" class=\"_blank\" target=\"_blank\" >Urban Community<\/a><\/h4>\n<div class=\"pt-cv-content\">Stadtgemeinschaften kommen\u2026Die Urban Community macht Events bei denen sich Menschen n\u00e4her kommen. Dabei entstehen viele Gelegenheiten einander kennen zu lernen ...<br \/><div class=\"pt-cv-rmwrap\"><a href=\"https:\/\/www.enzocage.de\/?p=2582\" class=\"_blank pt-cv-readmore btn btn-success\" target=\"_blank\">Weiterlesen \u2026<\/a><\/div><\/div><\/div><\/div>\n<div class=\"col-md-12 col-sm-6 col-xs-12 pt-cv-content-item pt-cv-1-col\" ><div class='pt-cv-ifield'><a href=\"https:\/\/www.enzocage.de\/?p=2453\" class=\"_blank pt-cv-href-thumbnail pt-cv-thumb-default\" target=\"_blank\" ><img loading=\"lazy\" decoding=\"async\" width=\"760\" height=\"428\" src=\"https:\/\/www.enzocage.de\/wp-content\/uploads\/2016\/11\/wwww.jpg\" class=\"pt-cv-thumbnail\" alt=\"\" srcset=\"https:\/\/www.enzocage.de\/wp-content\/uploads\/2016\/11\/wwww.jpg 760w, https:\/\/www.enzocage.de\/wp-content\/uploads\/2016\/11\/wwww-300x169.jpg 300w\" sizes=\"auto, (max-width: 760px) 100vw, 760px\" \/><\/a>\n<h4 class=\"pt-cv-title\"><a href=\"https:\/\/www.enzocage.de\/?p=2453\" class=\"_blank\" target=\"_blank\" >enzo cage &#8211; ambient music &#8211; 636 songs<\/a><\/h4>\n<div class=\"pt-cv-content\">Enzo Cage - Early Ambient Testrauschen Spheric Lounge - Top 100 Spheric Lounge - The Entire Universe ...<br \/><div class=\"pt-cv-rmwrap\"><a href=\"https:\/\/www.enzocage.de\/?p=2453\" class=\"_blank pt-cv-readmore btn btn-success\" target=\"_blank\">Weiterlesen \u2026<\/a><\/div><\/div><\/div><\/div>\n<div class=\"col-md-12 col-sm-6 col-xs-12 pt-cv-content-item pt-cv-1-col\" ><div class='pt-cv-ifield'><a href=\"https:\/\/www.enzocage.de\/?p=2310\" class=\"_blank pt-cv-href-thumbnail pt-cv-thumb-default\" target=\"_blank\" ><img loading=\"lazy\" decoding=\"async\" width=\"760\" height=\"428\" src=\"https:\/\/www.enzocage.de\/wp-content\/uploads\/2015\/01\/we-spaaace.jpg\" class=\"pt-cv-thumbnail\" alt=\"\" srcset=\"https:\/\/www.enzocage.de\/wp-content\/uploads\/2015\/01\/we-spaaace.jpg 760w, https:\/\/www.enzocage.de\/wp-content\/uploads\/2015\/01\/we-spaaace-300x169.jpg 300w\" sizes=\"auto, (max-width: 760px) 100vw, 760px\" \/><\/a>\n<h4 class=\"pt-cv-title\"><a href=\"https:\/\/www.enzocage.de\/?p=2310\" class=\"_blank\" target=\"_blank\" >we space<\/a><\/h4>\n<div class=\"pt-cv-content\">Wer oder was ist We Space? Wir sind We Space - ein offener Freundeskreis von etwa 700 Leuten. Wir sind ...<br \/><div class=\"pt-cv-rmwrap\"><a href=\"https:\/\/www.enzocage.de\/?p=2310\" class=\"_blank pt-cv-readmore btn btn-success\" target=\"_blank\">Weiterlesen \u2026<\/a><\/div><\/div><\/div><\/div>\n<div class=\"col-md-12 col-sm-6 col-xs-12 pt-cv-content-item pt-cv-1-col\" ><div class='pt-cv-ifield'><a href=\"https:\/\/www.enzocage.de\/?p=1027\" class=\"_blank pt-cv-href-thumbnail pt-cv-thumb-default\" target=\"_blank\" ><img loading=\"lazy\" decoding=\"async\" width=\"760\" height=\"428\" src=\"https:\/\/www.enzocage.de\/wp-content\/uploads\/2011\/08\/100s.jpg\" class=\"pt-cv-thumbnail\" alt=\"\" srcset=\"https:\/\/www.enzocage.de\/wp-content\/uploads\/2011\/08\/100s.jpg 760w, https:\/\/www.enzocage.de\/wp-content\/uploads\/2011\/08\/100s-300x169.jpg 300w\" sizes=\"auto, (max-width: 760px) 100vw, 760px\" \/><\/a>\n<h4 class=\"pt-cv-title\"><a href=\"https:\/\/www.enzocage.de\/?p=1027\" class=\"_blank\" target=\"_blank\" >spheric lounge &#8211; top 100<\/a><\/h4>\n<div class=\"pt-cv-content\">37 Spheric Lounge Videos - Playlist Entire Universe: die spheric lounge ist ein live ambient projekt aus m\u00fcnchen. seit 2004 ...<br \/><div class=\"pt-cv-rmwrap\"><a href=\"https:\/\/www.enzocage.de\/?p=1027\" class=\"_blank pt-cv-readmore btn btn-success\" target=\"_blank\">Weiterlesen \u2026<\/a><\/div><\/div><\/div><\/div>\n<div class=\"col-md-12 col-sm-6 col-xs-12 pt-cv-content-item pt-cv-1-col\" ><div class='pt-cv-ifield'><a href=\"https:\/\/www.enzocage.de\/?p=1022\" class=\"_blank pt-cv-href-thumbnail pt-cv-thumb-default\" target=\"_blank\" ><img loading=\"lazy\" decoding=\"async\" width=\"760\" height=\"428\" src=\"https:\/\/www.enzocage.de\/wp-content\/uploads\/2011\/05\/opopop.jpg\" class=\"pt-cv-thumbnail\" alt=\"\" srcset=\"https:\/\/www.enzocage.de\/wp-content\/uploads\/2011\/05\/opopop.jpg 760w, https:\/\/www.enzocage.de\/wp-content\/uploads\/2011\/05\/opopop-300x169.jpg 300w\" sizes=\"auto, (max-width: 760px) 100vw, 760px\" \/><\/a>\n<h4 class=\"pt-cv-title\"><a href=\"https:\/\/www.enzocage.de\/?p=1022\" class=\"_blank\" target=\"_blank\" >encounter<\/a><\/h4>\n<div class=\"pt-cv-content\">Hier ein Beispiel f\u00fcr ein Encounterwochenende. Encounter Encounter ist ein vertrauensvolles, achtsames, wertsch\u00e4tzendes Gruppengespr\u00e4ch \u00fcber pers\u00f6nliche,\u00a0emotionale\u00a0Themen, mit etwa 6 bis ...<br \/><div class=\"pt-cv-rmwrap\"><a href=\"https:\/\/www.enzocage.de\/?p=1022\" class=\"_blank pt-cv-readmore btn btn-success\" target=\"_blank\">Weiterlesen \u2026<\/a><\/div><\/div><\/div><\/div>\n<div class=\"col-md-12 col-sm-6 col-xs-12 pt-cv-content-item pt-cv-1-col\" ><div class='pt-cv-ifield'><a href=\"https:\/\/www.enzocage.de\/?p=1072\" class=\"_blank pt-cv-href-thumbnail pt-cv-thumb-default\" target=\"_blank\" ><img loading=\"lazy\" decoding=\"async\" width=\"760\" height=\"428\" src=\"https:\/\/www.enzocage.de\/wp-content\/uploads\/2011\/08\/whi.jpg\" class=\"pt-cv-thumbnail\" alt=\"\" srcset=\"https:\/\/www.enzocage.de\/wp-content\/uploads\/2011\/08\/whi.jpg 760w, https:\/\/www.enzocage.de\/wp-content\/uploads\/2011\/08\/whi-300x169.jpg 300w\" sizes=\"auto, (max-width: 760px) 100vw, 760px\" \/><\/a>\n<h4 class=\"pt-cv-title\"><a href=\"https:\/\/www.enzocage.de\/?p=1072\" class=\"_blank\" target=\"_blank\" >white dinner &#8211; creative we space<\/a><\/h4>\n<div class=\"pt-cv-content\">drei\u00a0k\u00fcnstlerische videos\u00a0eines creative we space wochenendes. http:\/\/creative-we-space.blogspot.com ...<br \/><div class=\"pt-cv-rmwrap\"><a href=\"https:\/\/www.enzocage.de\/?p=1072\" class=\"_blank pt-cv-readmore btn btn-success\" target=\"_blank\">Weiterlesen \u2026<\/a><\/div><\/div><\/div><\/div>\n<div class=\"col-md-12 col-sm-6 col-xs-12 pt-cv-content-item pt-cv-1-col\" ><div class='pt-cv-ifield'><a href=\"https:\/\/www.enzocage.de\/?p=942\" class=\"_blank pt-cv-href-thumbnail pt-cv-thumb-default\" target=\"_blank\" ><img loading=\"lazy\" decoding=\"async\" width=\"760\" height=\"428\" src=\"https:\/\/www.enzocage.de\/wp-content\/uploads\/2011\/04\/enz44.jpg\" class=\"pt-cv-thumbnail\" alt=\"\" srcset=\"https:\/\/www.enzocage.de\/wp-content\/uploads\/2011\/04\/enz44.jpg 760w, https:\/\/www.enzocage.de\/wp-content\/uploads\/2011\/04\/enz44-300x169.jpg 300w\" sizes=\"auto, (max-width: 760px) 100vw, 760px\" \/><\/a>\n<h4 class=\"pt-cv-title\"><a href=\"https:\/\/www.enzocage.de\/?p=942\" class=\"_blank\" target=\"_blank\" >piano improv<\/a><\/h4>\n<div class=\"pt-cv-content\">Klavierimprovisationen ...<br \/><div class=\"pt-cv-rmwrap\"><a href=\"https:\/\/www.enzocage.de\/?p=942\" class=\"_blank pt-cv-readmore btn btn-success\" target=\"_blank\">Weiterlesen \u2026<\/a><\/div><\/div><\/div><\/div>\n<div class=\"col-md-12 col-sm-6 col-xs-12 pt-cv-content-item pt-cv-1-col\" ><div class='pt-cv-ifield'><a href=\"https:\/\/www.enzocage.de\/?p=929\" class=\"_blank pt-cv-href-thumbnail pt-cv-thumb-default\" target=\"_blank\" ><img loading=\"lazy\" decoding=\"async\" width=\"760\" height=\"428\" src=\"https:\/\/www.enzocage.de\/wp-content\/uploads\/2010\/12\/stdw.jpg\" class=\"pt-cv-thumbnail\" alt=\"\" srcset=\"https:\/\/www.enzocage.de\/wp-content\/uploads\/2010\/12\/stdw.jpg 760w, https:\/\/www.enzocage.de\/wp-content\/uploads\/2010\/12\/stdw-300x169.jpg 300w\" sizes=\"auto, (max-width: 760px) 100vw, 760px\" \/><\/a>\n<h4 class=\"pt-cv-title\"><a href=\"https:\/\/www.enzocage.de\/?p=929\" class=\"_blank\" target=\"_blank\" >sie tanzen da weiss<\/a><\/h4>\n<div class=\"pt-cv-content\"> ...<br \/><div class=\"pt-cv-rmwrap\"><a href=\"https:\/\/www.enzocage.de\/?p=929\" class=\"_blank pt-cv-readmore btn btn-success\" target=\"_blank\">Weiterlesen \u2026<\/a><\/div><\/div><\/div><\/div>\n<div class=\"col-md-12 col-sm-6 col-xs-12 pt-cv-content-item pt-cv-1-col\" ><div class='pt-cv-ifield'><a href=\"https:\/\/www.enzocage.de\/?p=918\" class=\"_blank pt-cv-href-thumbnail pt-cv-thumb-default\" target=\"_blank\" ><img loading=\"lazy\" decoding=\"async\" width=\"760\" height=\"428\" src=\"https:\/\/www.enzocage.de\/wp-content\/uploads\/2010\/12\/impro.jpg\" class=\"pt-cv-thumbnail\" alt=\"\" srcset=\"https:\/\/www.enzocage.de\/wp-content\/uploads\/2010\/12\/impro.jpg 760w, https:\/\/www.enzocage.de\/wp-content\/uploads\/2010\/12\/impro-300x169.jpg 300w\" sizes=\"auto, (max-width: 760px) 100vw, 760px\" \/><\/a>\n<h4 class=\"pt-cv-title\"><a href=\"https:\/\/www.enzocage.de\/?p=918\" class=\"_blank\" target=\"_blank\" >we space improtheater &#8211; 139 videos<\/a><\/h4>\n<div class=\"pt-cv-content\">www.siehabendawas.de we space - open stage improtheater - sie haben da was ist mehr als nur eine offene improtheater gruppe ...<br \/><div class=\"pt-cv-rmwrap\"><a href=\"https:\/\/www.enzocage.de\/?p=918\" class=\"_blank pt-cv-readmore btn btn-success\" target=\"_blank\">Weiterlesen \u2026<\/a><\/div><\/div><\/div><\/div>\n<div class=\"col-md-12 col-sm-6 col-xs-12 pt-cv-content-item pt-cv-1-col\" ><div class='pt-cv-ifield'><a href=\"https:\/\/www.enzocage.de\/?p=822\" class=\"_blank pt-cv-href-thumbnail pt-cv-thumb-default\" target=\"_blank\" ><img loading=\"lazy\" decoding=\"async\" width=\"760\" height=\"428\" src=\"https:\/\/www.enzocage.de\/wp-content\/uploads\/2010\/08\/2010e.jpg\" class=\"pt-cv-thumbnail\" alt=\"\" srcset=\"https:\/\/www.enzocage.de\/wp-content\/uploads\/2010\/08\/2010e.jpg 760w, https:\/\/www.enzocage.de\/wp-content\/uploads\/2010\/08\/2010e-300x169.jpg 300w\" sizes=\"auto, (max-width: 760px) 100vw, 760px\" \/><\/a>\n<h4 class=\"pt-cv-title\"><a href=\"https:\/\/www.enzocage.de\/?p=822\" class=\"_blank\" target=\"_blank\" >sommertrip 2010<\/a><\/h4>\n<div class=\"pt-cv-content\"> ...<br \/><div class=\"pt-cv-rmwrap\"><a href=\"https:\/\/www.enzocage.de\/?p=822\" class=\"_blank pt-cv-readmore btn btn-success\" target=\"_blank\">Weiterlesen \u2026<\/a><\/div><\/div><\/div><\/div>\n<div class=\"col-md-12 col-sm-6 col-xs-12 pt-cv-content-item pt-cv-1-col\" ><div class='pt-cv-ifield'><a href=\"https:\/\/www.enzocage.de\/?p=1960\" class=\"_blank pt-cv-href-thumbnail pt-cv-thumb-default\" target=\"_blank\" ><img loading=\"lazy\" decoding=\"async\" width=\"760\" height=\"428\" src=\"https:\/\/www.enzocage.de\/wp-content\/uploads\/2008\/10\/trt.jpg\" class=\"pt-cv-thumbnail\" alt=\"\" srcset=\"https:\/\/www.enzocage.de\/wp-content\/uploads\/2008\/10\/trt.jpg 760w, https:\/\/www.enzocage.de\/wp-content\/uploads\/2008\/10\/trt-300x169.jpg 300w\" sizes=\"auto, (max-width: 760px) 100vw, 760px\" \/><\/a>\n<h4 class=\"pt-cv-title\"><a href=\"https:\/\/www.enzocage.de\/?p=1960\" class=\"_blank\" target=\"_blank\" >writers bloghouse<\/a><\/h4>\n<div class=\"pt-cv-content\">writers bloghouse ist eine m\u00fcnchner schreibgruppe, die sich ab mitte 2008 f\u00fcr 2 jahre alle zwei wochen traf, um sich ...<br \/><div class=\"pt-cv-rmwrap\"><a href=\"https:\/\/www.enzocage.de\/?p=1960\" class=\"_blank pt-cv-readmore btn btn-success\" target=\"_blank\">Weiterlesen \u2026<\/a><\/div><\/div><\/div><\/div>\n<div class=\"col-md-12 col-sm-6 col-xs-12 pt-cv-content-item pt-cv-1-col\" ><div class='pt-cv-ifield'><a href=\"https:\/\/www.enzocage.de\/?p=2286\" class=\"_blank pt-cv-href-thumbnail pt-cv-thumb-default\" target=\"_blank\" ><img loading=\"lazy\" decoding=\"async\" width=\"760\" height=\"428\" src=\"https:\/\/www.enzocage.de\/wp-content\/uploads\/2003\/02\/testrtgd.jpg\" class=\"pt-cv-thumbnail\" alt=\"\" srcset=\"https:\/\/www.enzocage.de\/wp-content\/uploads\/2003\/02\/testrtgd.jpg 760w, https:\/\/www.enzocage.de\/wp-content\/uploads\/2003\/02\/testrtgd-300x169.jpg 300w\" sizes=\"auto, (max-width: 760px) 100vw, 760px\" \/><\/a>\n<h4 class=\"pt-cv-title\"><a href=\"https:\/\/www.enzocage.de\/?p=2286\" class=\"_blank\" target=\"_blank\" >testrauschen<\/a><\/h4>\n<div class=\"pt-cv-content\">testrauschen ist ein live ambient projekt von karsten koch und mir. Testrauschen ...<br \/><div class=\"pt-cv-rmwrap\"><a href=\"https:\/\/www.enzocage.de\/?p=2286\" class=\"_blank pt-cv-readmore btn btn-success\" target=\"_blank\">Weiterlesen \u2026<\/a><\/div><\/div><\/div><\/div><\/div><\/div><\/div>\n","protected":false},"excerpt":{"rendered":"","protected":false},"author":6,"featured_media":0,"parent":0,"menu_order":0,"comment_status":"open","ping_status":"open","template":"","meta":{"_exactmetrics_skip_tracking":false,"_exactmetrics_sitenote_active":false,"_exactmetrics_sitenote_note":"","_exactmetrics_sitenote_category":0,"footnotes":""},"class_list":["post-2235","page","type-page","status-publish","hentry"],"post_mailing_queue_ids":[],"_links":{"self":[{"href":"https:\/\/www.enzocage.de\/index.php?rest_route=\/wp\/v2\/pages\/2235","targetHints":{"allow":["GET"]}}],"collection":[{"href":"https:\/\/www.enzocage.de\/index.php?rest_route=\/wp\/v2\/pages"}],"about":[{"href":"https:\/\/www.enzocage.de\/index.php?rest_route=\/wp\/v2\/types\/page"}],"author":[{"embeddable":true,"href":"https:\/\/www.enzocage.de\/index.php?rest_route=\/wp\/v2\/users\/6"}],"replies":[{"embeddable":true,"href":"https:\/\/www.enzocage.de\/index.php?rest_route=%2Fwp%2Fv2%2Fcomments&post=2235"}],"version-history":[{"count":3,"href":"https:\/\/www.enzocage.de\/index.php?rest_route=\/wp\/v2\/pages\/2235\/revisions"}],"predecessor-version":[{"id":2258,"href":"https:\/\/www.enzocage.de\/index.php?rest_route=\/wp\/v2\/pages\/2235\/revisions\/2258"}],"wp:attachment":[{"href":"https:\/\/www.enzocage.de\/index.php?rest_route=%2Fwp%2Fv2%2Fmedia&parent=2235"}],"curies":[{"name":"wp","href":"https:\/\/api.w.org\/{rel}","templated":true}]}}