{"id":2216,"date":"2015-02-05T18:00:20","date_gmt":"2015-02-05T17:00:20","guid":{"rendered":"http:\/\/www.enzocage.de\/?page_id=2216"},"modified":"2015-02-05T18:00:20","modified_gmt":"2015-02-05T17:00:20","slug":"text","status":"publish","type":"page","link":"https:\/\/www.enzocage.de\/?page_id=2216","title":{"rendered":"text"},"content":{"rendered":"<div class=\"pt-cv-wrapper\"><div class=\"pt-cv-view pt-cv-grid pt-cv-colsys\" id=\"pt-cv-view-4c724eb770\"><div data-id=\"pt-cv-page-1\" class=\"pt-cv-page\" data-cvc=\"1\"><div class=\"col-md-12 col-sm-6 col-xs-12 pt-cv-content-item pt-cv-1-col\" ><div class='pt-cv-ifield'><a href=\"https:\/\/www.enzocage.de\/?p=772\" class=\"_blank pt-cv-href-thumbnail pt-cv-thumb-default\" target=\"_blank\" ><img loading=\"lazy\" decoding=\"async\" width=\"760\" height=\"428\" src=\"https:\/\/www.enzocage.de\/wp-content\/uploads\/2010\/04\/enz4353.jpg\" class=\"pt-cv-thumbnail\" alt=\"\" srcset=\"https:\/\/www.enzocage.de\/wp-content\/uploads\/2010\/04\/enz4353.jpg 760w, https:\/\/www.enzocage.de\/wp-content\/uploads\/2010\/04\/enz4353-300x169.jpg 300w\" sizes=\"auto, (max-width: 760px) 100vw, 760px\" \/><\/a>\n<h4 class=\"pt-cv-title\"><a href=\"https:\/\/www.enzocage.de\/?p=772\" class=\"_blank\" target=\"_blank\" >dein bild von mir<\/a><\/h4>\n<div class=\"pt-cv-content\">http:\/\/www.enzocage.de\/mp3\/bloghouse\/enzo_cage_dein_bild_von_mir.mp3 du sagst, du weisst wie ich mich f\u00fchle, gibst dich als k\u00f6nnest du mich lesen, wie deine b\u00fccher. du ...<\/div><\/div><\/div>\n<div class=\"col-md-12 col-sm-6 col-xs-12 pt-cv-content-item pt-cv-1-col\" ><div class='pt-cv-ifield'><a href=\"https:\/\/www.enzocage.de\/?p=684\" class=\"_blank pt-cv-href-thumbnail pt-cv-thumb-default\" target=\"_blank\" ><img loading=\"lazy\" decoding=\"async\" width=\"760\" height=\"428\" src=\"https:\/\/www.enzocage.de\/wp-content\/uploads\/2010\/01\/zurzu.jpg\" class=\"pt-cv-thumbnail\" alt=\"\" srcset=\"https:\/\/www.enzocage.de\/wp-content\/uploads\/2010\/01\/zurzu.jpg 760w, https:\/\/www.enzocage.de\/wp-content\/uploads\/2010\/01\/zurzu-300x169.jpg 300w\" sizes=\"auto, (max-width: 760px) 100vw, 760px\" \/><\/a>\n<h4 class=\"pt-cv-title\"><a href=\"https:\/\/www.enzocage.de\/?p=684\" class=\"_blank\" target=\"_blank\" >wollen und m\u00fcssen<\/a><\/h4>\n<div class=\"pt-cv-content\">[audio src=\"http:\/\/www.enzocage.de\/mp3\/bloghouse\/enzo_cage_wollen_und_muessen.mp3\" \/] wollen und m\u00fcssen ja, ich will! ich wollte schon immer. doch ab heute da muss ich, und ...<\/div><\/div><\/div>\n<div class=\"col-md-12 col-sm-6 col-xs-12 pt-cv-content-item pt-cv-1-col\" ><div class='pt-cv-ifield'><a href=\"https:\/\/www.enzocage.de\/?p=635\" class=\"_blank pt-cv-href-thumbnail pt-cv-thumb-default\" target=\"_blank\" ><img loading=\"lazy\" decoding=\"async\" width=\"760\" height=\"428\" src=\"https:\/\/www.enzocage.de\/wp-content\/uploads\/2009\/12\/ztrzurzu.jpg\" class=\"pt-cv-thumbnail\" alt=\"\" srcset=\"https:\/\/www.enzocage.de\/wp-content\/uploads\/2009\/12\/ztrzurzu.jpg 760w, https:\/\/www.enzocage.de\/wp-content\/uploads\/2009\/12\/ztrzurzu-300x169.jpg 300w\" sizes=\"auto, (max-width: 760px) 100vw, 760px\" \/><\/a>\n<h4 class=\"pt-cv-title\"><a href=\"https:\/\/www.enzocage.de\/?p=635\" class=\"_blank\" target=\"_blank\" >sp\u00fcren<\/a><\/h4>\n<div class=\"pt-cv-content\">sp\u00fcren und wenn ich nicht weiss was ich brauche? wenn ich es einfach nicht weiss - was dann? ich weiss ...<\/div><\/div><\/div>\n<div class=\"col-md-12 col-sm-6 col-xs-12 pt-cv-content-item pt-cv-1-col\" ><div class='pt-cv-ifield'><a href=\"https:\/\/www.enzocage.de\/?p=595\" class=\"_blank pt-cv-href-thumbnail pt-cv-thumb-default\" target=\"_blank\" ><img loading=\"lazy\" decoding=\"async\" width=\"760\" height=\"428\" src=\"https:\/\/www.enzocage.de\/wp-content\/uploads\/2009\/11\/wirs.jpg\" class=\"pt-cv-thumbnail\" alt=\"\" srcset=\"https:\/\/www.enzocage.de\/wp-content\/uploads\/2009\/11\/wirs.jpg 760w, https:\/\/www.enzocage.de\/wp-content\/uploads\/2009\/11\/wirs-300x169.jpg 300w\" sizes=\"auto, (max-width: 760px) 100vw, 760px\" \/><\/a>\n<h4 class=\"pt-cv-title\"><a href=\"https:\/\/www.enzocage.de\/?p=595\" class=\"_blank\" target=\"_blank\" >wir selbst<\/a><\/h4>\n<div class=\"pt-cv-content\">http:\/\/www.enzocage.de\/mp3\/bloghouse\/enzo_cage_wir_selbst.mp3 ich erinnere mich... man sagte mir einst, ich sei nicht viel. ein n\u00fctzliches schr\u00e4ubchen, vielleicht. zun\u00e4chst m\u00fcsse ich lernen ...<\/div><\/div><\/div>\n<div class=\"col-md-12 col-sm-6 col-xs-12 pt-cv-content-item pt-cv-1-col\" ><div class='pt-cv-ifield'><a href=\"https:\/\/www.enzocage.de\/?p=520\" class=\"_blank pt-cv-href-thumbnail pt-cv-thumb-default\" target=\"_blank\" ><img loading=\"lazy\" decoding=\"async\" width=\"760\" height=\"428\" src=\"https:\/\/www.enzocage.de\/wp-content\/uploads\/2009\/07\/stdrth.jpg\" class=\"pt-cv-thumbnail\" alt=\"\" srcset=\"https:\/\/www.enzocage.de\/wp-content\/uploads\/2009\/07\/stdrth.jpg 760w, https:\/\/www.enzocage.de\/wp-content\/uploads\/2009\/07\/stdrth-300x169.jpg 300w\" sizes=\"auto, (max-width: 760px) 100vw, 760px\" \/><\/a>\n<h4 class=\"pt-cv-title\"><a href=\"https:\/\/www.enzocage.de\/?p=520\" class=\"_blank\" target=\"_blank\" >augenblick<\/a><\/h4>\n<div class=\"pt-cv-content\">http:\/\/www.enzocage.de\/mp3\/bloghouse\/enzo_cage_augenblick.mp3 Stille... Im Augenblick Nein, nicht ganz\u2026 da fliegen noch zarte Kl\u00e4nge \u2013 wie Motten in Zeitlupe. Ich suche meinen ...<\/div><\/div><\/div>\n<div class=\"col-md-12 col-sm-6 col-xs-12 pt-cv-content-item pt-cv-1-col\" ><div class='pt-cv-ifield'><a href=\"https:\/\/www.enzocage.de\/?p=402\" class=\"_blank pt-cv-href-thumbnail pt-cv-thumb-default\" target=\"_blank\" ><img loading=\"lazy\" decoding=\"async\" width=\"760\" height=\"428\" src=\"https:\/\/www.enzocage.de\/wp-content\/uploads\/2009\/06\/werwega.jpg\" class=\"pt-cv-thumbnail\" alt=\"\" srcset=\"https:\/\/www.enzocage.de\/wp-content\/uploads\/2009\/06\/werwega.jpg 760w, https:\/\/www.enzocage.de\/wp-content\/uploads\/2009\/06\/werwega-300x169.jpg 300w\" sizes=\"auto, (max-width: 760px) 100vw, 760px\" \/><\/a>\n<h4 class=\"pt-cv-title\"><a href=\"https:\/\/www.enzocage.de\/?p=402\" class=\"_blank\" target=\"_blank\" >Der Zauberwald<\/a><\/h4>\n<div class=\"pt-cv-content\">http:\/\/www.enzocage.de\/mp3\/bloghouse\/enzo_cage_der_zauberwald.mp3 Es war einmal ein bunter Zauberwald, dessen uralte Baumriesen mit ihren verschlungenen Lianen in einem dichten Gestr\u00fcpp von B\u00fcschen ...<\/div><\/div><\/div>\n<div class=\"col-md-12 col-sm-6 col-xs-12 pt-cv-content-item pt-cv-1-col\" ><div class='pt-cv-ifield'><a href=\"https:\/\/www.enzocage.de\/?p=394\" class=\"_blank pt-cv-href-thumbnail pt-cv-thumb-default\" target=\"_blank\" ><img loading=\"lazy\" decoding=\"async\" width=\"760\" height=\"428\" src=\"https:\/\/www.enzocage.de\/wp-content\/uploads\/2009\/06\/gle.jpg\" class=\"pt-cv-thumbnail\" alt=\"\" srcset=\"https:\/\/www.enzocage.de\/wp-content\/uploads\/2009\/06\/gle.jpg 760w, https:\/\/www.enzocage.de\/wp-content\/uploads\/2009\/06\/gle-300x169.jpg 300w\" sizes=\"auto, (max-width: 760px) 100vw, 760px\" \/><\/a>\n<h4 class=\"pt-cv-title\"><a href=\"https:\/\/www.enzocage.de\/?p=394\" class=\"_blank\" target=\"_blank\" >gleichzeitig &#8211; session<\/a><\/h4>\n<div class=\"pt-cv-content\">gleichzeitig-session 1 - team: kaja, rupert, christoph, hanno, caro, christiane, enzo ...<\/div><\/div><\/div>\n<div class=\"col-md-12 col-sm-6 col-xs-12 pt-cv-content-item pt-cv-1-col\" ><div class='pt-cv-ifield'><a href=\"https:\/\/www.enzocage.de\/?p=365\" class=\"_blank pt-cv-href-thumbnail pt-cv-thumb-default\" target=\"_blank\" ><img loading=\"lazy\" decoding=\"async\" width=\"760\" height=\"428\" src=\"https:\/\/www.enzocage.de\/wp-content\/uploads\/2009\/05\/ritual.jpg\" class=\"pt-cv-thumbnail\" alt=\"\" srcset=\"https:\/\/www.enzocage.de\/wp-content\/uploads\/2009\/05\/ritual.jpg 760w, https:\/\/www.enzocage.de\/wp-content\/uploads\/2009\/05\/ritual-300x169.jpg 300w\" sizes=\"auto, (max-width: 760px) 100vw, 760px\" \/><\/a>\n<h4 class=\"pt-cv-title\"><a href=\"https:\/\/www.enzocage.de\/?p=365\" class=\"_blank\" target=\"_blank\" >das ritual<\/a><\/h4>\n<div class=\"pt-cv-content\">www.enzocage.de\/mp3\/bloghouse\/enzo_cage_das_ritual.mp3 Herr Dienstweg kam v\u00f6llig ermattet von der Arbeit nach Hause. Die Aschefabrik war der Ort seiner t\u00e4glichen Niederlagen. Vorbei ...<\/div><\/div><\/div>\n<div class=\"col-md-12 col-sm-6 col-xs-12 pt-cv-content-item pt-cv-1-col\" ><div class='pt-cv-ifield'><a href=\"https:\/\/www.enzocage.de\/?p=174\" class=\"_blank pt-cv-href-thumbnail pt-cv-thumb-default\" target=\"_blank\" ><img loading=\"lazy\" decoding=\"async\" width=\"760\" height=\"428\" src=\"https:\/\/www.enzocage.de\/wp-content\/uploads\/2009\/04\/elsfzu.jpg\" class=\"pt-cv-thumbnail\" alt=\"\" srcset=\"https:\/\/www.enzocage.de\/wp-content\/uploads\/2009\/04\/elsfzu.jpg 760w, https:\/\/www.enzocage.de\/wp-content\/uploads\/2009\/04\/elsfzu-300x169.jpg 300w\" sizes=\"auto, (max-width: 760px) 100vw, 760px\" \/><\/a>\n<h4 class=\"pt-cv-title\"><a href=\"https:\/\/www.enzocage.de\/?p=174\" class=\"_blank\" target=\"_blank\" >die elster<\/a><\/h4>\n<div class=\"pt-cv-content\">http:\/\/www.enzocage.de\/mp3\/bloghouse\/enzo_cage_die_elster.mp3 Irgend etwas hatte E aus dem Schlaf gerissen und wie so oft war er dann mechanisch durch die Nacht ...<\/div><\/div><\/div>\n<div class=\"col-md-12 col-sm-6 col-xs-12 pt-cv-content-item pt-cv-1-col\" ><div class='pt-cv-ifield'><a href=\"https:\/\/www.enzocage.de\/?p=129\" class=\"_blank pt-cv-href-thumbnail pt-cv-thumb-default\" target=\"_blank\" ><img loading=\"lazy\" decoding=\"async\" width=\"760\" height=\"428\" src=\"https:\/\/www.enzocage.de\/wp-content\/uploads\/2009\/04\/ubg.jpg\" class=\"pt-cv-thumbnail\" alt=\"\" srcset=\"https:\/\/www.enzocage.de\/wp-content\/uploads\/2009\/04\/ubg.jpg 760w, https:\/\/www.enzocage.de\/wp-content\/uploads\/2009\/04\/ubg-300x169.jpg 300w\" sizes=\"auto, (max-width: 760px) 100vw, 760px\" \/><\/a>\n<h4 class=\"pt-cv-title\"><a href=\"https:\/\/www.enzocage.de\/?p=129\" class=\"_blank\" target=\"_blank\" >der ungeteilte raum<\/a><\/h4>\n<div class=\"pt-cv-content\">[audio src=\"http:\/\/www.enzocage.de\/mp3\/bloghouse\/enzo_cage_der_ungeteilte_raum.mp3\" \/] Es geschah an einem Freitagabend. Henrik befand sich auf dem Heimweg, er hatte eine anstrengende Woche im ...<\/div><\/div><\/div>\n<div class=\"col-md-12 col-sm-6 col-xs-12 pt-cv-content-item pt-cv-1-col\" ><div class='pt-cv-ifield'><a href=\"https:\/\/www.enzocage.de\/?p=77\" class=\"_blank pt-cv-href-thumbnail pt-cv-thumb-default\" target=\"_blank\" ><img loading=\"lazy\" decoding=\"async\" width=\"760\" height=\"428\" src=\"https:\/\/www.enzocage.de\/wp-content\/uploads\/2009\/04\/dgfhdfg.jpg\" class=\"pt-cv-thumbnail\" alt=\"\" srcset=\"https:\/\/www.enzocage.de\/wp-content\/uploads\/2009\/04\/dgfhdfg.jpg 760w, https:\/\/www.enzocage.de\/wp-content\/uploads\/2009\/04\/dgfhdfg-300x169.jpg 300w\" sizes=\"auto, (max-width: 760px) 100vw, 760px\" \/><\/a>\n<h4 class=\"pt-cv-title\"><a href=\"https:\/\/www.enzocage.de\/?p=77\" class=\"_blank\" target=\"_blank\" >gertrude zimmermann<\/a><\/h4>\n<div class=\"pt-cv-content\">http:\/\/www.enzocage.de\/mp3\/bloghouse\/enzo_cage_gertrude_zimmermann.mp3 ...<\/div><\/div><\/div>\n<div class=\"col-md-12 col-sm-6 col-xs-12 pt-cv-content-item pt-cv-1-col\" ><div class='pt-cv-ifield'><a href=\"https:\/\/www.enzocage.de\/?p=1960\" class=\"_blank pt-cv-href-thumbnail pt-cv-thumb-default\" target=\"_blank\" ><img loading=\"lazy\" decoding=\"async\" width=\"760\" height=\"428\" src=\"https:\/\/www.enzocage.de\/wp-content\/uploads\/2008\/10\/trt.jpg\" class=\"pt-cv-thumbnail\" alt=\"\" srcset=\"https:\/\/www.enzocage.de\/wp-content\/uploads\/2008\/10\/trt.jpg 760w, https:\/\/www.enzocage.de\/wp-content\/uploads\/2008\/10\/trt-300x169.jpg 300w\" sizes=\"auto, (max-width: 760px) 100vw, 760px\" \/><\/a>\n<h4 class=\"pt-cv-title\"><a href=\"https:\/\/www.enzocage.de\/?p=1960\" class=\"_blank\" target=\"_blank\" >writers bloghouse<\/a><\/h4>\n<div class=\"pt-cv-content\">writers bloghouse ist eine m\u00fcnchner schreibgruppe, die sich ab mitte 2008 f\u00fcr 2 jahre alle zwei wochen traf, um sich ...<\/div><\/div><\/div>\n<div class=\"col-md-12 col-sm-6 col-xs-12 pt-cv-content-item pt-cv-1-col\" ><div class='pt-cv-ifield'><a href=\"https:\/\/www.enzocage.de\/?p=328\" class=\"_blank pt-cv-href-thumbnail pt-cv-thumb-default\" target=\"_blank\" ><img loading=\"lazy\" decoding=\"async\" width=\"760\" height=\"428\" src=\"https:\/\/www.enzocage.de\/wp-content\/uploads\/2007\/12\/laehdr.jpg\" class=\"pt-cv-thumbnail\" alt=\"\" srcset=\"https:\/\/www.enzocage.de\/wp-content\/uploads\/2007\/12\/laehdr.jpg 760w, https:\/\/www.enzocage.de\/wp-content\/uploads\/2007\/12\/laehdr-300x169.jpg 300w\" sizes=\"auto, (max-width: 760px) 100vw, 760px\" \/><\/a>\n<h4 class=\"pt-cv-title\"><a href=\"https:\/\/www.enzocage.de\/?p=328\" class=\"_blank\" target=\"_blank\" >das l\u00e4cheln<\/a><\/h4>\n<div class=\"pt-cv-content\"> ...<\/div><\/div><\/div><\/div><\/div><\/div>\n","protected":false},"excerpt":{"rendered":"","protected":false},"author":6,"featured_media":0,"parent":0,"menu_order":0,"comment_status":"open","ping_status":"open","template":"","meta":{"_exactmetrics_skip_tracking":false,"_exactmetrics_sitenote_active":false,"_exactmetrics_sitenote_note":"","_exactmetrics_sitenote_category":0,"footnotes":""},"class_list":["post-2216","page","type-page","status-publish","hentry"],"post_mailing_queue_ids":[],"_links":{"self":[{"href":"https:\/\/www.enzocage.de\/index.php?rest_route=\/wp\/v2\/pages\/2216","targetHints":{"allow":["GET"]}}],"collection":[{"href":"https:\/\/www.enzocage.de\/index.php?rest_route=\/wp\/v2\/pages"}],"about":[{"href":"https:\/\/www.enzocage.de\/index.php?rest_route=\/wp\/v2\/types\/page"}],"author":[{"embeddable":true,"href":"https:\/\/www.enzocage.de\/index.php?rest_route=\/wp\/v2\/users\/6"}],"replies":[{"embeddable":true,"href":"https:\/\/www.enzocage.de\/index.php?rest_route=%2Fwp%2Fv2%2Fcomments&post=2216"}],"version-history":[{"count":1,"href":"https:\/\/www.enzocage.de\/index.php?rest_route=\/wp\/v2\/pages\/2216\/revisions"}],"predecessor-version":[{"id":2217,"href":"https:\/\/www.enzocage.de\/index.php?rest_route=\/wp\/v2\/pages\/2216\/revisions\/2217"}],"wp:attachment":[{"href":"https:\/\/www.enzocage.de\/index.php?rest_route=%2Fwp%2Fv2%2Fmedia&parent=2216"}],"curies":[{"name":"wp","href":"https:\/\/api.w.org\/{rel}","templated":true}]}}